{"id":540,"date":"2023-05-26T09:22:33","date_gmt":"2023-05-26T09:22:33","guid":{"rendered":"https:\/\/revistapymes.es\/fondos-next-generation\/?page_id=540"},"modified":"2024-01-11T10:58:58","modified_gmt":"2024-01-11T10:58:58","slug":"sophos","status":"publish","type":"page","link":"https:\/\/revistapymes.es\/fondos-next-generation\/sophos\/","title":{"rendered":"Sophos"},"content":{"rendered":"<div class=\"wpb-content-wrapper\"><p>[vc_row][vc_column][vc_single_image image=\u00bb541&#8243; img_size=\u00bb270&#215;45&#8243;][\/vc_column][\/vc_row][vc_row][vc_column width=\u00bb2\/3&#8243;]<div  class=\"jeg_postblock_3 jeg_postblock jeg_module_hook jeg_pagination_scrollload jeg_col_3o3 jnews_module__0_6a0644a2dd1a4   \" data-unique=\"jnews_module__0_6a0644a2dd1a4\">\n\t\t\t\t\t<div class=\"jeg_block_heading jeg_block_heading_6 jeg_subcat_right\">\n                     <h3 class=\"jeg_block_title\"><span>Contenidos<\/span><\/h3>\n                     \n                 <\/div>\n\t\t\t\t\t<div class=\"jeg_posts jeg_block_container\">\n                \n                <div class=\"jeg_posts jeg_load_more_flag\">\n                <article class=\"jeg_post jeg_pl_md_2 format-video\">\n                <div class=\"jeg_thumb\">\n                    \n                    <a href=\"https:\/\/revistapymes.es\/fondos-next-generation\/2023\/06\/08\/espana-necesita-mayor-inversion-publica-en-programas-de-concienciacion-para-las-pymes\/\" aria-label=\"Read article: \u201cEspa\u00f1a necesita mayor inversi\u00f3n p\u00fablica en programas de concienciaci\u00f3n para las pymes\u201d\"><div class=\"thumbnail-container animate-lazy  size-715 \"><img loading=\"lazy\" decoding=\"async\" width=\"350\" height=\"250\" src=\"https:\/\/revistapymes.es\/fondos-next-generation\/wp-content\/themes\/jnews\/assets\/img\/jeg-empty.png\" class=\"attachment-jnews-350x250 size-jnews-350x250 lazyload wp-post-image\" alt=\"Sophos - Revista Pymes - TAI Editorial - Espa\u00f1a\" sizes=\"auto, (max-width: 350px) 100vw, 350px\" data-src=\"https:\/\/revistapymes.es\/fondos-next-generation\/wp-content\/uploads\/sites\/2\/2023\/06\/Sophos-Revista-Pymes-NextGenerationEU-Carlos-Galdon-350x250.jpg\" data-srcset=\"https:\/\/revistapymes.es\/fondos-next-generation\/wp-content\/uploads\/sites\/2\/2023\/06\/Sophos-Revista-Pymes-NextGenerationEU-Carlos-Galdon-350x250.jpg 350w, https:\/\/revistapymes.es\/fondos-next-generation\/wp-content\/uploads\/sites\/2\/2023\/06\/Sophos-Revista-Pymes-NextGenerationEU-Carlos-Galdon-120x86.jpg 120w, https:\/\/revistapymes.es\/fondos-next-generation\/wp-content\/uploads\/sites\/2\/2023\/06\/Sophos-Revista-Pymes-NextGenerationEU-Carlos-Galdon-750x536.jpg 750w\" data-sizes=\"auto\" data-expand=\"700\" \/><\/div><\/a>\n                <\/div>\n                <div class=\"jeg_postblock_content\">\n                    <h3 class=\"jeg_post_title\">\n                        <a href=\"https:\/\/revistapymes.es\/fondos-next-generation\/2023\/06\/08\/espana-necesita-mayor-inversion-publica-en-programas-de-concienciacion-para-las-pymes\/\">\u201cEspa\u00f1a necesita mayor inversi\u00f3n p\u00fablica en programas de concienciaci\u00f3n para las pymes\u201d<\/a>\n                    <\/h3>\n                    <div class=\"jeg_post_meta\"><\/div>\n                    <div class=\"jeg_post_excerpt\">\n                        <p>El segmento pyme en Espa\u00f1a es muy amplio. Hecho que, como explica Carlos Gald\u00f3n, director de canal de Sophos Iberia,...<\/p>\n                    <\/div>\n                <\/div>\n            <\/article><article class=\"jeg_post jeg_pl_md_2 format-video\">\n                <div class=\"jeg_thumb\">\n                    \n                    <a href=\"https:\/\/revistapymes.es\/fondos-next-generation\/2023\/05\/26\/sophos-apuesta-por-una-oferta-completa-y-sincronizada-para-proteger-a-las-pymes\/\" aria-label=\"Read article: Sophos apuesta por una oferta completa y sincronizada para proteger a las pymes\"><div class=\"thumbnail-container animate-lazy  size-715 \"><img loading=\"lazy\" decoding=\"async\" width=\"350\" height=\"250\" src=\"https:\/\/revistapymes.es\/fondos-next-generation\/wp-content\/themes\/jnews\/assets\/img\/jeg-empty.png\" class=\"attachment-jnews-350x250 size-jnews-350x250 lazyload wp-post-image\" alt=\"Sophos - Revista Pymes - TAI Editorial - Espa\u00f1a\" sizes=\"auto, (max-width: 350px) 100vw, 350px\" data-src=\"https:\/\/revistapymes.es\/fondos-next-generation\/wp-content\/uploads\/sites\/2\/2023\/05\/Sophos-Revista-Pymes-Fernando-Casares-NextGenerationEU-350x250.jpg\" data-srcset=\"https:\/\/revistapymes.es\/fondos-next-generation\/wp-content\/uploads\/sites\/2\/2023\/05\/Sophos-Revista-Pymes-Fernando-Casares-NextGenerationEU-350x250.jpg 350w, https:\/\/revistapymes.es\/fondos-next-generation\/wp-content\/uploads\/sites\/2\/2023\/05\/Sophos-Revista-Pymes-Fernando-Casares-NextGenerationEU-120x86.jpg 120w, https:\/\/revistapymes.es\/fondos-next-generation\/wp-content\/uploads\/sites\/2\/2023\/05\/Sophos-Revista-Pymes-Fernando-Casares-NextGenerationEU-750x536.jpg 750w\" data-sizes=\"auto\" data-expand=\"700\" \/><\/div><\/a>\n                <\/div>\n                <div class=\"jeg_postblock_content\">\n                    <h3 class=\"jeg_post_title\">\n                        <a href=\"https:\/\/revistapymes.es\/fondos-next-generation\/2023\/05\/26\/sophos-apuesta-por-una-oferta-completa-y-sincronizada-para-proteger-a-las-pymes\/\">Sophos apuesta por una oferta completa y sincronizada para proteger a las pymes<\/a>\n                    <\/h3>\n                    <div class=\"jeg_post_meta\"><\/div>\n                    <div class=\"jeg_post_excerpt\">\n                        <p>La propuesta de Sophos para garantizar la seguridad de las pymes se apoya en una amplia gama de productos con...<\/p>\n                    <\/div>\n                <\/div>\n            <\/article><article class=\"jeg_post jeg_pl_md_2 format-video\">\n                <div class=\"jeg_thumb\">\n                    \n                    <a href=\"https:\/\/revistapymes.es\/fondos-next-generation\/2023\/05\/26\/servicio-de-ciberseguridad-gestionado-el-valor-anadido-que-sophos-ofrece-a-las-pymes\/\" aria-label=\"Read article: Servicio de ciberseguridad gestionado, el valor a\u00f1adido que Sophos ofrece a las pymes\"><div class=\"thumbnail-container animate-lazy  size-715 \"><img loading=\"lazy\" decoding=\"async\" width=\"350\" height=\"250\" src=\"https:\/\/revistapymes.es\/fondos-next-generation\/wp-content\/themes\/jnews\/assets\/img\/jeg-empty.png\" class=\"attachment-jnews-350x250 size-jnews-350x250 lazyload wp-post-image\" alt=\"Sophos - Revista Pymes - TAI Editorial - Espa\u00f1a\" sizes=\"auto, (max-width: 350px) 100vw, 350px\" data-src=\"https:\/\/revistapymes.es\/fondos-next-generation\/wp-content\/uploads\/sites\/2\/2023\/05\/Pymes-video-350x250.jpg\" data-srcset=\"https:\/\/revistapymes.es\/fondos-next-generation\/wp-content\/uploads\/sites\/2\/2023\/05\/Pymes-video-350x250.jpg 350w, https:\/\/revistapymes.es\/fondos-next-generation\/wp-content\/uploads\/sites\/2\/2023\/05\/Pymes-video-120x86.jpg 120w, https:\/\/revistapymes.es\/fondos-next-generation\/wp-content\/uploads\/sites\/2\/2023\/05\/Pymes-video-750x536.jpg 750w\" data-sizes=\"auto\" data-expand=\"700\" \/><\/div><\/a>\n                <\/div>\n                <div class=\"jeg_postblock_content\">\n                    <h3 class=\"jeg_post_title\">\n                        <a href=\"https:\/\/revistapymes.es\/fondos-next-generation\/2023\/05\/26\/servicio-de-ciberseguridad-gestionado-el-valor-anadido-que-sophos-ofrece-a-las-pymes\/\">Servicio de ciberseguridad gestionado, el valor a\u00f1adido que Sophos ofrece a las pymes<\/a>\n                    <\/h3>\n                    <div class=\"jeg_post_meta\"><\/div>\n                    <div class=\"jeg_post_excerpt\">\n                        <p>\u201cEn el mercado de la pyme es importante el producto, pero tambi\u00e9n el servicio\u201d, asegura Fernando Casares, distributor and MSP...<\/p>\n                    <\/div>\n                <\/div>\n            <\/article>\n            <\/div>\n                <div class='module-overlay'>\n\t\t\t\t    <div class='preloader_type preloader_dot'>\n\t\t\t\t        <div class=\"module-preloader jeg_preloader dot\">\n\t\t\t\t            <span><\/span><span><\/span><span><\/span>\n\t\t\t\t        <\/div>\n\t\t\t\t        <div class=\"module-preloader jeg_preloader circle\">\n\t\t\t\t            <div class=\"jnews_preloader_circle_outer\">\n\t\t\t\t                <div class=\"jnews_preloader_circle_inner\"><\/div>\n\t\t\t\t            <\/div>\n\t\t\t\t        <\/div>\n\t\t\t\t        <div class=\"module-preloader jeg_preloader square\">\n\t\t\t\t            <div class=\"jeg_square\">\n\t\t\t\t                <div class=\"jeg_square_inner\"><\/div>\n\t\t\t\t            <\/div>\n\t\t\t\t        <\/div>\n\t\t\t\t    <\/div>\n\t\t\t\t<\/div>\n            <\/div>\n            <div class=\"jeg_block_navigation\">\n                <div class='navigation_overlay'><div class='module-preloader jeg_preloader'><span><\/span><span><\/span><span><\/span><\/div><\/div>\n                <div class=\"jeg_block_loadmore inactive\">\n                    <a href=\"#\" class='disabled' data-load='Cargar m\u00e1s' data-loading='Cargando...'> Cargar m\u00e1s<\/a>\n                <\/div>\n                \n            <\/div>\n\t\t\t\t\t\n\t\t\t\t\t<script>var jnews_module__0_6a0644a2dd1a4 = {\"compatible_column_notice\":\"\",\"header_icon\":\"\",\"first_title\":\"Contenidos\",\"second_title\":\"\",\"url\":\"\",\"header_type\":\"heading_6\",\"header_background\":\"\",\"header_secondary_background\":\"\",\"header_text_color\":\"\",\"header_line_color\":\"\",\"header_accent_color\":\"\",\"header_filter_category\":\"\",\"header_filter_author\":\"\",\"header_filter_tag\":\"\",\"header_filter_text\":\"All\",\"sticky_post\":false,\"sticky_post_filter\":false,\"post_type\":\"post\",\"content_type\":\"all\",\"sponsor\":\"\",\"number_post\":\"4\",\"post_offset\":\"0\",\"unique_content\":\"disable\",\"include_post\":\"\",\"included_only\":\"\",\"exclude_post\":\"\",\"include_category\":\"2,4\",\"exclude_category\":\"\",\"include_author\":\"\",\"include_tag\":\"62\",\"exclude_tag\":\"\",\"exclude_visited_post\":false,\"sort_by\":\"latest\",\"date_format\":\"default\",\"date_format_custom\":\"Y\\\/m\\\/d\",\"excerpt_length\":\"20\",\"excerpt_ellipsis\":\"...\",\"force_normal_image_load\":\"\",\"main_custom_image_size\":\"default\",\"pagination_mode\":\"scrollload\",\"pagination_nextprev_showtext\":\"\",\"pagination_number_post\":\"6\",\"pagination_scroll_limit\":\"0\",\"ads_type\":\"disable\",\"ads_position\":1,\"ads_random\":\"\",\"ads_image\":\"\",\"ads_image_tablet\":\"\",\"ads_image_phone\":\"\",\"ads_image_link\":\"\",\"ads_image_alt\":\"\",\"ads_image_new_tab\":\"\",\"google_publisher_id\":\"\",\"google_slot_id\":\"\",\"google_desktop\":\"auto\",\"google_tab\":\"auto\",\"google_phone\":\"auto\",\"content\":\"\",\"ads_bottom_text\":\"\",\"boxed\":\"\",\"boxed_shadow\":\"\",\"el_id\":\"\",\"el_class\":\"\",\"scheme\":\"\",\"column_width\":\"auto\",\"title_color\":\"\",\"accent_color\":\"\",\"alt_color\":\"\",\"excerpt_color\":\"\",\"css\":\"\",\"paged\":1,\"column_class\":\"jeg_col_3o3\",\"class\":\"jnews_block_3\"};<\/script>\n\t\t\t\t<\/div>[\/vc_column][vc_column width=\u00bb1\/3&#8243;]<div  class=\"jeg_postblock_23 jeg_postblock jeg_module_hook jeg_pagination_disable jeg_col_3o3 jnews_module__1_6a0644a2e07b2   \" data-unique=\"jnews_module__1_6a0644a2e07b2\">\n\t\t\t\t\t<div class=\"jeg_block_heading jeg_block_heading_6 jeg_subcat_right\">\n                     <h3 class=\"jeg_block_title\"><span>Contenido pr\u00e9mium<\/span><\/h3>\n                     \n                 <\/div>\n\t\t\t\t\t<div class=\"jeg_block_container\">\n                    \n                    <div class=\"jeg_posts_wrap\">\n                    <div class=\"jeg_posts jeg_load_more_flag\"> \n                        <article class=\"jeg_post jeg_pl_md_1 format-standard\">\n                    <div class=\"jeg_thumb\">\n                        \n                        <a href=\"https:\/\/revistapymes.es\/fondos-next-generation\/2024\/01\/08\/endpoint-datos-y-soc-la-combinacion-que-conforma-el-mdr-de-sophos-para-proteger-a-las-pymes\/\" aria-label=\"Read article: Endpoint, datos y SOC, la combinaci\u00f3n que conforma el MDR de Sophos para proteger a las pymes\"><div class=\"thumbnail-container animate-lazy  size-715 \"><img loading=\"lazy\" decoding=\"async\" width=\"350\" height=\"250\" src=\"https:\/\/revistapymes.es\/fondos-next-generation\/wp-content\/themes\/jnews\/assets\/img\/jeg-empty.png\" class=\"attachment-jnews-350x250 size-jnews-350x250 lazyload wp-post-image\" alt=\"Sophos - Revista Pymes - TAI Editorial - Espa\u00f1a\" sizes=\"auto, (max-width: 350px) 100vw, 350px\" data-src=\"https:\/\/revistapymes.es\/fondos-next-generation\/wp-content\/uploads\/sites\/2\/2024\/01\/Sophos-Revista-Pymes-NextGenerationEU-350x250.jpg\" data-srcset=\"https:\/\/revistapymes.es\/fondos-next-generation\/wp-content\/uploads\/sites\/2\/2024\/01\/Sophos-Revista-Pymes-NextGenerationEU-350x250.jpg 350w, https:\/\/revistapymes.es\/fondos-next-generation\/wp-content\/uploads\/sites\/2\/2024\/01\/Sophos-Revista-Pymes-NextGenerationEU-120x86.jpg 120w, https:\/\/revistapymes.es\/fondos-next-generation\/wp-content\/uploads\/sites\/2\/2024\/01\/Sophos-Revista-Pymes-NextGenerationEU-750x536.jpg 750w\" data-sizes=\"auto\" data-expand=\"700\" \/><\/div><\/a>\n                        <div class=\"jeg_post_category\">\n                            <span><a href=\"https:\/\/revistapymes.es\/fondos-next-generation\/category\/contenido-premium\/\" class=\"category-contenido-premium\">Contenido pr\u00e9mium<\/a><\/span>\n                        <\/div>\n                    <\/div>\n                    <div class=\"jeg_postblock_content\">\n                        <h3 class=\"jeg_post_title\">\n                            <a href=\"https:\/\/revistapymes.es\/fondos-next-generation\/2024\/01\/08\/endpoint-datos-y-soc-la-combinacion-que-conforma-el-mdr-de-sophos-para-proteger-a-las-pymes\/\">Endpoint, datos y SOC, la combinaci\u00f3n que conforma el MDR de Sophos para proteger a las pymes<\/a>\n                        <\/h3>\n                        <div class=\"jeg_post_excerpt\">\n                            <p>\u201cEn el mercado de la ciberseguridad todos esper\u00e1bamos mucho m\u00e1s del programa Kit Digital\u201d, asegura Carlos Gald\u00f3n, director de canal...<\/p>\n                        <\/div>\n                        <div class=\"jeg_post_meta\"><\/div>\n                    <\/div>\n                <\/article>\n                    <\/div>\n                <\/div>\n                    <div class='module-overlay'>\n\t\t\t\t    <div class='preloader_type preloader_dot'>\n\t\t\t\t        <div class=\"module-preloader jeg_preloader dot\">\n\t\t\t\t            <span><\/span><span><\/span><span><\/span>\n\t\t\t\t        <\/div>\n\t\t\t\t        <div class=\"module-preloader jeg_preloader circle\">\n\t\t\t\t            <div class=\"jnews_preloader_circle_outer\">\n\t\t\t\t                <div class=\"jnews_preloader_circle_inner\"><\/div>\n\t\t\t\t            <\/div>\n\t\t\t\t        <\/div>\n\t\t\t\t        <div class=\"module-preloader jeg_preloader square\">\n\t\t\t\t            <div class=\"jeg_square\">\n\t\t\t\t                <div class=\"jeg_square_inner\"><\/div>\n\t\t\t\t            <\/div>\n\t\t\t\t        <\/div>\n\t\t\t\t    <\/div>\n\t\t\t\t<\/div>\n                <\/div>\n                <div class=\"jeg_block_navigation\">\n                    <div class='navigation_overlay'><div class='module-preloader jeg_preloader'><span><\/span><span><\/span><span><\/span><\/div><\/div>\n                    \n                    \n                <\/div>\n\t\t\t\t\t\n\t\t\t\t\t<script>var jnews_module__1_6a0644a2e07b2 = {\"compatible_column_notice\":\"\",\"header_icon\":\"\",\"first_title\":\"Contenido pr\\u00e9mium\",\"second_title\":\"\",\"url\":\"\",\"header_type\":\"heading_6\",\"header_background\":\"\",\"header_secondary_background\":\"\",\"header_text_color\":\"\",\"header_line_color\":\"\",\"header_accent_color\":\"\",\"header_filter_category\":\"\",\"header_filter_author\":\"\",\"header_filter_tag\":\"\",\"header_filter_text\":\"All\",\"sticky_post\":false,\"sticky_post_filter\":false,\"post_type\":\"post\",\"content_type\":\"all\",\"sponsor\":\"\",\"number_post\":\"4\",\"post_offset\":\"0\",\"unique_content\":\"disable\",\"include_post\":\"\",\"included_only\":\"\",\"exclude_post\":\"\",\"include_category\":\"11\",\"exclude_category\":\"\",\"include_author\":\"\",\"include_tag\":\"62\",\"exclude_tag\":\"\",\"exclude_visited_post\":false,\"sort_by\":\"latest\",\"date_format\":\"default\",\"date_format_custom\":\"Y\\\/m\\\/d\",\"excerpt_length\":\"20\",\"excerpt_ellipsis\":\"...\",\"force_normal_image_load\":\"\",\"main_custom_image_size\":\"default\",\"pagination_mode\":\"disable\",\"pagination_nextprev_showtext\":\"\",\"pagination_number_post\":4,\"pagination_scroll_limit\":0,\"boxed\":\"\",\"boxed_shadow\":\"\",\"el_id\":\"\",\"el_class\":\"\",\"scheme\":\"\",\"column_width\":\"auto\",\"title_color\":\"\",\"accent_color\":\"\",\"alt_color\":\"\",\"excerpt_color\":\"\",\"css\":\"\",\"paged\":1,\"column_class\":\"jeg_col_3o3\",\"class\":\"jnews_block_23\"};<\/script>\n\t\t\t\t<\/div>[\/vc_column][\/vc_row]<\/p>\n<\/div>","protected":false},"excerpt":{"rendered":"<p>[vc_row][vc_column][vc_single_image image=\u00bb541&#8243; img_size=\u00bb270&#215;45&#8243;][\/vc_column][\/vc_row][vc_row][vc_column width=\u00bb2\/3&#8243;][\/vc_column][vc_column width=\u00bb1\/3&#8243;][\/vc_column][\/vc_row]<\/p>\n","protected":false},"author":1,"featured_media":0,"parent":0,"menu_order":0,"comment_status":"closed","ping_status":"closed","template":"template-index.php","meta":{"jnews_page_loop":{"enable_page_loop":"0","first_title":"Latest Post","second_title":"","header_type":"heading_6","header_background":"","header_text_color":"","layout":"right-sidebar","sidebar":"default-sidebar","second_sidebar":"default-sidebar","sticky_sidebar":"1","module":"3","boxed":"0","boxed_shadow":"0","box_shadow":"0","excerpt_length":"20","content_date":"default","date_custom":"Y\/m\/d","content_pagination":"nav_1","pagination_align":"center","show_navtext":"0","show_pageinfo":"0","post_offset":"0","posts_per_page":"5","include_post":"","exclude_post":"","include_category":"","exclude_category":"","include_author":"","include_tag":"","exclude_tag":"","sort_by":"latest"},"jnews_single_page":{"layout":"no-sidebar","sidebar":"default-sidebar","second_sidebar":"default-sidebar","sticky_sidebar":"1","show_post_featured":"0","show_post_meta":"0","share_position":"hide","share_color":"share-monocrhome"},"jnews_social_meta":[],"footnotes":""},"class_list":["post-540","page","type-page","status-publish","hentry"],"_links":{"self":[{"href":"https:\/\/revistapymes.es\/fondos-next-generation\/wp-json\/wp\/v2\/pages\/540","targetHints":{"allow":["GET"]}}],"collection":[{"href":"https:\/\/revistapymes.es\/fondos-next-generation\/wp-json\/wp\/v2\/pages"}],"about":[{"href":"https:\/\/revistapymes.es\/fondos-next-generation\/wp-json\/wp\/v2\/types\/page"}],"author":[{"embeddable":true,"href":"https:\/\/revistapymes.es\/fondos-next-generation\/wp-json\/wp\/v2\/users\/1"}],"replies":[{"embeddable":true,"href":"https:\/\/revistapymes.es\/fondos-next-generation\/wp-json\/wp\/v2\/comments?post=540"}],"version-history":[{"count":4,"href":"https:\/\/revistapymes.es\/fondos-next-generation\/wp-json\/wp\/v2\/pages\/540\/revisions"}],"predecessor-version":[{"id":577,"href":"https:\/\/revistapymes.es\/fondos-next-generation\/wp-json\/wp\/v2\/pages\/540\/revisions\/577"}],"wp:attachment":[{"href":"https:\/\/revistapymes.es\/fondos-next-generation\/wp-json\/wp\/v2\/media?parent=540"}],"curies":[{"name":"wp","href":"https:\/\/api.w.org\/{rel}","templated":true}]}}